{"id":3,"date":"2025-12-08T12:29:35","date_gmt":"2025-12-08T11:29:35","guid":{"rendered":"https:\/\/zainwestujwsiebie.pl\/cms\/?page_id=3"},"modified":"2026-01-29T13:31:51","modified_gmt":"2026-01-29T12:31:51","slug":"polityka-prywatnosci","status":"publish","type":"page","link":"https:\/\/zainwestujwsiebie.pl\/cms\/polityka-prywatnosci\/","title":{"rendered":"Polityka prywatno\u015bci"},"content":{"rendered":"\t\t<div data-elementor-type=\"wp-page\" data-elementor-id=\"3\" class=\"elementor elementor-3\">\n\t\t\t\t<div class=\"elementor-element elementor-element-4ae282c e-flex e-con-boxed e-con e-parent\" data-id=\"4ae282c\" data-element_type=\"container\">\n\t\t\t\t\t<div class=\"e-con-inner\">\n\t\t\t\t<div class=\"elementor-element elementor-element-5282a8c elementor-absolute elementor-widget-divider--view-line elementor-widget elementor-widget-divider\" data-id=\"5282a8c\" data-element_type=\"widget\" data-settings=\"{&quot;_position&quot;:&quot;absolute&quot;}\" data-widget_type=\"divider.default\">\n\t\t\t\t\t\t\t<div class=\"elementor-divider\">\n\t\t\t<span class=\"elementor-divider-separator\">\n\t\t\t\t\t\t<\/span>\n\t\t<\/div>\n\t\t\t\t\t\t<\/div>\n\t\t\t\t\t<\/div>\n\t\t\t\t<\/div>\n\t\t<div class=\"elementor-element elementor-element-fa8a016 e-flex e-con-boxed e-con e-parent\" data-id=\"fa8a016\" data-element_type=\"container\">\n\t\t\t\t\t<div class=\"e-con-inner\">\n\t\t\t\t<div class=\"elementor-element elementor-element-dad22f2 elementor-widget elementor-widget-spacer\" data-id=\"dad22f2\" data-element_type=\"widget\" data-widget_type=\"spacer.default\">\n\t\t\t\t\t\t\t<div class=\"elementor-spacer\">\n\t\t\t<div class=\"elementor-spacer-inner\"><\/div>\n\t\t<\/div>\n\t\t\t\t\t\t<\/div>\n\t\t\t\t\t<\/div>\n\t\t\t\t<\/div>\n\t\t<div class=\"elementor-element elementor-element-1f0225b e-con-full e-flex e-con e-parent\" data-id=\"1f0225b\" data-element_type=\"container\">\n\t\t<div class=\"elementor-element elementor-element-351ae88 e-con-full e-flex e-con e-child\" data-id=\"351ae88\" data-element_type=\"container\">\n\t\t\t\t<div class=\"elementor-element elementor-element-a139a09 elementor-widget elementor-widget-text-editor\" data-id=\"a139a09\" data-element_type=\"widget\" data-widget_type=\"text-editor.default\">\n\t\t\t\t\t\t\t\t\t<p>Poni\u017csza Polityka Prywatno\u015bci opisuje kwestie zwi\u0105zane z\u00a0korzystaniem z\u00a0witryny internetowej www.zainwestujwsiebie.pl.<\/p>\t\t\t\t\t\t\t\t<\/div>\n\t\t\t\t<\/div>\n\t\t<div class=\"elementor-element elementor-element-ba8afb8 e-con-full e-flex e-con e-child\" data-id=\"ba8afb8\" data-element_type=\"container\">\n\t\t\t\t<div class=\"elementor-element elementor-element-536aea9 elementor-widget elementor-widget-heading\" data-id=\"536aea9\" data-element_type=\"widget\" data-widget_type=\"heading.default\">\n\t\t\t\t\t<h5 class=\"elementor-heading-title elementor-size-default\">Pliki Cookies<\/h5>\t\t\t\t<\/div>\n\t\t\t\t<div class=\"elementor-element elementor-element-f431d43 elementor-widget elementor-widget-text-editor\" data-id=\"f431d43\" data-element_type=\"widget\" data-widget_type=\"text-editor.default\">\n\t\t\t\t\t\t\t\t\t<p>MRPiPS stosownie do art. 6 pkt 2 ustawy z\u00a0dnia 18 lipca 2002 r. o\u00a0\u015bwiadczeniu us\u0142ug drog\u0105 elektroniczn\u0105 (t.j. Dz. U. z\u00a02020 r., poz. 344), informuje, i\u017c w\u00a0celu podnoszenia jako\u015bci Us\u0142ug i\u00a0badania preferencji Us\u0142ugobiorc\u00f3w stosuje pliki \u201ecookie&#8221;.<\/p><ol><li>Dla Pa\u0144stwa wygody witryna www.zainwestujwsiebie.pl, zwana dalej Witryn\u0105, u\u017cywa plik\u00f3w cookies i\u00a0podobnych technologii m.in. po to, by dostosowa\u0107 serwis do potrzeb u\u017cytkownik\u00f3w i\u00a0w\u00a0celach statystycznych. Pliki Cookies to niewielkie pliki tekstowe wysy\u0142ane przez serwis internetowy, kt\u00f3ry odwiedza internauta, do urz\u0105dzenia internauty.<\/li><li>Cookies u\u017cywaj\u0105 te\u017c serwisy, do kt\u00f3rych si\u0119 odwo\u0142ujemy pokazuj\u0105c np. multimedia.<br \/>W przegl\u0105darce internetowej mo\u017cna zmieni\u0107 ustawienia dotycz\u0105ce Cookies. Brak zmiany tych ustawie\u0144 oznacza akceptacj\u0119 dla stosowanych tu Cookies.\u00a0<\/li><li>Portal stosuje Cookies wydajno\u015bciowe, czyli s\u0142u\u017c\u0105ce do zbierania informacji o\u00a0sposobie korzystania ze strony, by lepiej dzia\u0142a\u0142a oraz funkcjonalne, czyli pozwalaj\u0105ce \u201epami\u0119ta\u0107&#8221; o\u00a0ustawieniach u\u017cytkownika (np. rozmiar czcionki, kontrast).\u00a0<\/li><li>Witryna wykorzystuje poni\u017csze pliki Cookies:\u00a0<ul><li>_utma \u2013 plik zapisywany na dysku komputera podczas pierwszych odwiedzin danej witryny. Plik zawiera unikalny numer identyfikacyjny, za pomoc\u0105 kt\u00f3rego narz\u0119dzie analityczne potrafi okre\u015bli\u0107 unikalnego i\u00a0nowego u\u017cytkownika,\u00a0<\/li><li>_utmb \u2013 plik cookie _utmb jest odpowiedzialny za przechowywanie informacji na temat danej wizyty,\u00a0<\/li><li>_utmc \u2013 plik cookie wsp\u00f3\u0142pracuj\u0105cy z\u00a0_utmb, kt\u00f3rego zadaniem jest ustalenie, czy nale\u017cy rozpocz\u0105\u0107 \u015bledzenie nowych odwiedzin, czy te\u017c zbierane dane powinny zosta\u0107 zaliczone do istniej\u0105cych odwiedzin,\u00a0<\/li><li>_utmz \u2013 plik cookie zawieraj\u0105cy informacj\u0119 na temat \u017ar\u00f3de\u0142 odwiedzin. Dzi\u0119ki niemu mo\u017cliwe jest policzenie m.in. odwiedzin z\u00a0wyszukiwarek,\u00a0<\/li><li>JSESSIONID \u2013 plik cookie utrzymuj\u0105cy identyfikator bie\u017c\u0105cej sesji pomi\u0119dzy serwerem, na kt\u00f3rym zainstalowana jest strona a\u00a0uprz\u0119dzeniem u\u017cytkownika, za po\u015brednictwem kt\u00f3rego komunikuje si\u0119 on z\u00a0serwerem i\u00a0ze stron\u0105. \u00a0<\/li><\/ul><\/li><li>Poziom ochrony przed Cookies ustawia si\u0119 w\u00a0ka\u017cdej przegl\u0105darce, a\u017c do ca\u0142kowitego blokowania plik\u00f3w Cookies. Zwi\u0119ksza to poziom bezpiecze\u0144stwa i\u00a0ochrony danych, ale mo\u017ce tak\u017ce uniemo\u017cliwia\u0107 niekt\u00f3re funkcje, np. zalogowanie si\u0119 na konto pocztowe.\u00a0<\/li><li><strong>Jak zmienia si\u0119 ustawienia w\u00a0najbardziej popularnych wyszukiwarkach:<\/strong><\/li><\/ol><ul><li><strong>Google Chrome wersja 102 lub nowsza<\/strong>\u00a0<\/li><\/ul><p>Nale\u017cy klikn\u0105\u0107 na menu (w prawym g\u00f3rnym rogu), zak\u0142adka Ustawienia &gt; Prywatno\u015b\u0107 i bezpiecze\u0144stwo &gt; Pliki cookie i inne dane witryn &gt; Ustawienia og\u00f3lne. O ciasteczkach decyduje zaznaczenie \u2013 b\u0105d\u017a nie \u2013 pozycji \u201eZezw\u00f3l na wszystkie pliki cookie&#8221;.\u00a0<\/p><ul><li><strong>Mozilla Firefox wersja 101 lub nowsza<\/strong>\u00a0<\/li><\/ul><p>Z menu przegl\u0105darki: Ustawienia &gt; Prywatno\u015b\u0107 i bezpiecze\u0144stwo. Uaktywni\u0107 w sekcji \u201eWzmocniona ochrona przed \u015bledzeniem&#8221; pole \u201eW\u0142asne&#8221;. O ciasteczkach (cookies) decyduje zaznaczenie \u2013 b\u0105d\u017a nie \u2013 pozycji ciasteczka oraz warto\u015bci z listy rozwijalnej.\u00a0<\/p><ul><li><strong>Opera wersja 87 lub nowsza<\/strong>\u00a0<\/li><\/ul><p>Z menu przegl\u0105darki: Ustawienia &gt; Zaawansowane &gt; Prywatno\u015b\u0107 i bezpiecze\u0144stwo &gt; Ustawienia witryny &gt; Pliki cookie i dane strony. O ciasteczkach decyduje zaznaczenie \u2013 b\u0105d\u017a nie \u2013 pozycji \u201eZezw\u00f3l na wszystkie pliki cookie&#8221;.\u00a0<\/p><ul><li><strong>Edge wersja 102 lub nowsza<\/strong>\u00a0<\/li><\/ul><p>Z menu przegl\u0105darki: Ustawienia &gt; Pliki cookie i uprawnienia witryny &gt; Zarz\u0105dzaj plikami cookie i danymi witryn oraz usuwaj je. O ciasteczkach decyduje wybranie odpowiedniej warto\u015bci z listy rozwijalnej.<\/p>\t\t\t\t\t\t\t\t<\/div>\n\t\t\t\t<\/div>\n\t\t\t\t<div class=\"elementor-element elementor-element-5615593 elementor-widget elementor-widget-spacer\" data-id=\"5615593\" data-element_type=\"widget\" data-widget_type=\"spacer.default\">\n\t\t\t\t\t\t\t<div class=\"elementor-spacer\">\n\t\t\t<div class=\"elementor-spacer-inner\"><\/div>\n\t\t<\/div>\n\t\t\t\t\t\t<\/div>\n\t\t\t\t<div class=\"elementor-element elementor-element-33cebfb elementor-widget-divider--view-line_text elementor-widget-divider--element-align-center elementor-invisible elementor-widget elementor-widget-divider\" data-id=\"33cebfb\" data-element_type=\"widget\" data-settings=\"{&quot;_animation&quot;:&quot;zoomIn&quot;}\" data-widget_type=\"divider.default\">\n\t\t\t\t\t\t\t<div class=\"elementor-divider\">\n\t\t\t<span class=\"elementor-divider-separator\">\n\t\t\t\t\t\t\t<span class=\"elementor-divider__text elementor-divider__element\">\n\t\t\t\t# Fundusze Europejskie\t\t\t\t<\/span>\n\t\t\t\t\t\t<\/span>\n\t\t<\/div>\n\t\t\t\t\t\t<\/div>\n\t\t\t\t<\/div>\n\t\t\t\t<\/div>\n\t\t","protected":false},"excerpt":{"rendered":"<p>Poni\u017csza Polityka Prywatno\u015bci opisuje kwestie zwi\u0105zane z\u00a0korzystaniem z\u00a0witryny internetowej www.zainwestujwsiebie.pl. Pliki Cookies MRPiPS stosownie do art. 6 pkt 2 ustawy [&hellip;]<\/p>\n","protected":false},"author":1,"featured_media":0,"parent":0,"menu_order":0,"comment_status":"closed","ping_status":"open","template":"","meta":{"site-sidebar-layout":"no-sidebar","site-content-layout":"","ast-site-content-layout":"normal-width-container","site-content-style":"default","site-sidebar-style":"default","ast-global-header-display":"","ast-banner-title-visibility":"","ast-main-header-display":"","ast-hfb-above-header-display":"","ast-hfb-below-header-display":"","ast-hfb-mobile-header-display":"","site-post-title":"","ast-breadcrumbs-content":"","ast-featured-img":"","footer-sml-layout":"","ast-disable-related-posts":"","theme-transparent-header-meta":"","adv-header-id-meta":"","stick-header-meta":"","header-above-stick-meta":"","header-main-stick-meta":"","header-below-stick-meta":"","astra-migrate-meta-layouts":"default","ast-page-background-enabled":"default","ast-page-background-meta":{"desktop":{"background-color":"var(--ast-global-color-5)","background-image":"","background-repeat":"repeat","background-position":"center center","background-size":"auto","background-attachment":"scroll","background-type":"","background-media":"","overlay-type":"","overlay-color":"","overlay-opacity":"","overlay-gradient":""},"tablet":{"background-color":"","background-image":"","background-repeat":"repeat","background-position":"center center","background-size":"auto","background-attachment":"scroll","background-type":"","background-media":"","overlay-type":"","overlay-color":"","overlay-opacity":"","overlay-gradient":""},"mobile":{"background-color":"","background-image":"","background-repeat":"repeat","background-position":"center center","background-size":"auto","background-attachment":"scroll","background-type":"","background-media":"","overlay-type":"","overlay-color":"","overlay-opacity":"","overlay-gradient":""}},"ast-content-background-meta":{"desktop":{"background-color":"var(--ast-global-color-4)","background-image":"","background-repeat":"repeat","background-position":"center center","background-size":"auto","background-attachment":"scroll","background-type":"","background-media":"","overlay-type":"","overlay-color":"","overlay-opacity":"","overlay-gradient":""},"tablet":{"background-color":"var(--ast-global-color-4)","background-image":"","background-repeat":"repeat","background-position":"center center","background-size":"auto","background-attachment":"scroll","background-type":"","background-media":"","overlay-type":"","overlay-color":"","overlay-opacity":"","overlay-gradient":""},"mobile":{"background-color":"var(--ast-global-color-4)","background-image":"","background-repeat":"repeat","background-position":"center center","background-size":"auto","background-attachment":"scroll","background-type":"","background-media":"","overlay-type":"","overlay-color":"","overlay-opacity":"","overlay-gradient":""}},"footnotes":""},"class_list":["post-3","page","type-page","status-publish","hentry"],"rttpg_featured_image_url":null,"rttpg_author":{"display_name":"admin","author_link":"https:\/\/zainwestujwsiebie.pl\/cms\/author\/admin\/"},"rttpg_comment":0,"rttpg_category":null,"rttpg_excerpt":"Poni\u017csza Polityka Prywatno\u015bci opisuje kwestie zwi\u0105zane z\u00a0korzystaniem z\u00a0witryny internetowej www.zainwestujwsiebie.pl. Pliki Cookies MRPiPS stosownie do art. 6 pkt 2 ustawy [&hellip;]","_links":{"self":[{"href":"https:\/\/zainwestujwsiebie.pl\/cms\/wp-json\/wp\/v2\/pages\/3","targetHints":{"allow":["GET"]}}],"collection":[{"href":"https:\/\/zainwestujwsiebie.pl\/cms\/wp-json\/wp\/v2\/pages"}],"about":[{"href":"https:\/\/zainwestujwsiebie.pl\/cms\/wp-json\/wp\/v2\/types\/page"}],"author":[{"embeddable":true,"href":"https:\/\/zainwestujwsiebie.pl\/cms\/wp-json\/wp\/v2\/users\/1"}],"replies":[{"embeddable":true,"href":"https:\/\/zainwestujwsiebie.pl\/cms\/wp-json\/wp\/v2\/comments?post=3"}],"version-history":[{"count":6,"href":"https:\/\/zainwestujwsiebie.pl\/cms\/wp-json\/wp\/v2\/pages\/3\/revisions"}],"predecessor-version":[{"id":3704,"href":"https:\/\/zainwestujwsiebie.pl\/cms\/wp-json\/wp\/v2\/pages\/3\/revisions\/3704"}],"wp:attachment":[{"href":"https:\/\/zainwestujwsiebie.pl\/cms\/wp-json\/wp\/v2\/media?parent=3"}],"curies":[{"name":"wp","href":"https:\/\/api.w.org\/{rel}","templated":true}]}}