{"id":721,"date":"2025-12-18T15:31:25","date_gmt":"2025-12-18T14:31:25","guid":{"rendered":"https:\/\/zainwestujwsiebie.pl\/cms\/?page_id=721"},"modified":"2026-01-29T13:59:22","modified_gmt":"2026-01-29T12:59:22","slug":"deklaracja-dostepnosci","status":"publish","type":"page","link":"https:\/\/zainwestujwsiebie.pl\/cms\/deklaracja-dostepnosci\/","title":{"rendered":"Deklaracja dost\u0119pno\u015bci"},"content":{"rendered":"\t\t<div data-elementor-type=\"wp-page\" data-elementor-id=\"721\" class=\"elementor elementor-721\">\n\t\t\t\t<div class=\"elementor-element elementor-element-939e07a e-flex e-con-boxed e-con e-parent\" data-id=\"939e07a\" data-element_type=\"container\">\n\t\t\t\t\t<div class=\"e-con-inner\">\n\t\t\t\t<div class=\"elementor-element elementor-element-49481f7 elementor-absolute elementor-widget-divider--view-line elementor-widget elementor-widget-divider\" data-id=\"49481f7\" data-element_type=\"widget\" data-settings=\"{&quot;_position&quot;:&quot;absolute&quot;}\" data-widget_type=\"divider.default\">\n\t\t\t\t\t\t\t<div class=\"elementor-divider\">\n\t\t\t<span class=\"elementor-divider-separator\">\n\t\t\t\t\t\t<\/span>\n\t\t<\/div>\n\t\t\t\t\t\t<\/div>\n\t\t\t\t\t<\/div>\n\t\t\t\t<\/div>\n\t\t<div class=\"elementor-element elementor-element-58ad31d6 e-con-full e-flex e-con e-parent\" data-id=\"58ad31d6\" data-element_type=\"container\">\n\t\t<div class=\"elementor-element elementor-element-7129b776 e-con-full e-flex e-con e-child\" data-id=\"7129b776\" data-element_type=\"container\">\n\t\t\t\t<div class=\"elementor-element elementor-element-6f3c020 elementor-widget elementor-widget-spacer\" data-id=\"6f3c020\" data-element_type=\"widget\" data-widget_type=\"spacer.default\">\n\t\t\t\t\t\t\t<div class=\"elementor-spacer\">\n\t\t\t<div class=\"elementor-spacer-inner\"><\/div>\n\t\t<\/div>\n\t\t\t\t\t\t<\/div>\n\t\t\t\t<\/div>\n\t\t<div class=\"elementor-element elementor-element-63c1cb06 e-con-full e-flex e-con e-child\" data-id=\"63c1cb06\" data-element_type=\"container\">\n\t\t\t\t<div class=\"elementor-element elementor-element-4fe56c7 elementor-widget elementor-widget-text-editor\" data-id=\"4fe56c7\" data-element_type=\"widget\" data-widget_type=\"text-editor.default\">\n\t\t\t\t\t\t\t\t\t<p><span id=\"a11y-wstep\"><span id=\"a11y-podmiot\">Wojew\u00f3dzki Urz\u0105d Pracy w Toruniu\u00a0zobowi\u0105zuje si\u0119 zapewni\u0107 dost\u0119pno\u015b\u0107 witryny internetowej\u00a0<\/span><a id=\"a11y-url\" href=\"http:\/\/www.zainwestujwsiebie.pl\/\">www.zainwestujwsiebie.pl\u00a0<\/a>zgodnie z ustaw\u0105 z dnia 4 kwietnia 2019 r. o dost\u0119pno\u015bci cyfrowej stron internetowych i aplikacji mobilnych podmiot\u00f3w publicznych. O\u015bwiadczenie w sprawie dost\u0119pno\u015bci ma zastosowanie do strony internetowej\u00a0<a href=\"https:\/\/zainwestujwsiebie.pl\/\">\u201cZainwestuj w siebie\u201d<\/a>.<\/span><\/p><p>Data publikacji strony internetowej:<span id=\"a11y-data-publikacja\">\u00a02024-06-01.<\/span><\/p><p>Data ostatniej istotnej aktualizacji:<span id=\"a11y-data-aktualizacja\">\u00a02024-07-24.<\/span><\/p>\t\t\t\t\t\t\t\t<\/div>\n\t\t\t\t<\/div>\n\t\t<div class=\"elementor-element elementor-element-5c55286 e-con-full e-flex e-con e-child\" data-id=\"5c55286\" data-element_type=\"container\">\n\t\t\t\t<div class=\"elementor-element elementor-element-85ca963 elementor-widget elementor-widget-heading\" data-id=\"85ca963\" data-element_type=\"widget\" data-widget_type=\"heading.default\">\n\t\t\t\t\t<h5 class=\"elementor-heading-title elementor-size-default\">Status pod wzgl\u0119dem zgodno\u015bci z ustaw\u0105<\/h5>\t\t\t\t<\/div>\n\t\t\t\t<div class=\"elementor-element elementor-element-42a7373 elementor-widget elementor-widget-text-editor\" data-id=\"42a7373\" data-element_type=\"widget\" data-widget_type=\"text-editor.default\">\n\t\t\t\t\t\t\t\t\t<p>Strona internetowa jest cz\u0119\u015bciowo zgodna z ustaw\u0105 z dnia 4 kwietnia 2019 r. o dost\u0119pno\u015bci cyfrowej stron internetowych i aplikacji mobilnych podmiot\u00f3w publicznych z powodu niezgodno\u015bci lub wy\u0142\u0105cze\u0144 wymienionych poni\u017cej:<br \/>Wymagania jakie nie zosta\u0142y spe\u0142nione:<br \/>\u00a0 1) filmy nie posiadaj\u0105 napis\u00f3w dla os\u00f3b g\u0142uchych;<br \/>\u00a0 2) w filmach brak dost\u0119pno\u015bci j\u0119zyka migowego;<br \/>\u00a0 3) formularz kontaktowy nie posiada dowi\u0105zanych etykiet tekstowych;<br \/>\u00a0 4) mapy s\u0105 wy\u0142\u0105czone z obowi\u0105zku zapewniania dost\u0119pno\u015bci.<\/p>\t\t\t\t\t\t\t\t<\/div>\n\t\t\t\t<\/div>\n\t\t<div class=\"elementor-element elementor-element-c07f8b3 e-con-full e-flex e-con e-child\" data-id=\"c07f8b3\" data-element_type=\"container\">\n\t\t\t\t<div class=\"elementor-element elementor-element-7a360f4 elementor-widget elementor-widget-heading\" data-id=\"7a360f4\" data-element_type=\"widget\" data-widget_type=\"heading.default\">\n\t\t\t\t\t<h5 class=\"elementor-heading-title elementor-size-default\">Przygotowanie deklaracji w sprawie dost\u0119pno\u015bci<\/h5>\t\t\t\t<\/div>\n\t\t\t\t<div class=\"elementor-element elementor-element-1009b35 elementor-widget elementor-widget-text-editor\" data-id=\"1009b35\" data-element_type=\"widget\" data-widget_type=\"text-editor.default\">\n\t\t\t\t\t\t\t\t\t<p>O\u015bwiadczenie w sprawie dost\u0119pno\u015bci sporz\u0105dzono dnia:\u00a0<span id=\"a11y-data-sporzadzenie\">2024-06-01<\/span>. Deklaracj\u0119 sporz\u0105dzono na podstawie samooceny przeprowadzonej przez podmiot publiczny oraz dokumentacji wzorcowej otrzymanej z Departamentu Informatyki MRPiPS.<\/p>\t\t\t\t\t\t\t\t<\/div>\n\t\t\t\t<\/div>\n\t\t<div class=\"elementor-element elementor-element-5d35e00 e-con-full e-flex e-con e-child\" data-id=\"5d35e00\" data-element_type=\"container\">\n\t\t\t\t<div class=\"elementor-element elementor-element-978f0f0 elementor-widget elementor-widget-heading\" data-id=\"978f0f0\" data-element_type=\"widget\" data-widget_type=\"heading.default\">\n\t\t\t\t\t<h5 class=\"elementor-heading-title elementor-size-default\">Informacje zwrotne i dane kontaktowe<\/h5>\t\t\t\t<\/div>\n\t\t\t\t<div class=\"elementor-element elementor-element-96cbecb elementor-widget elementor-widget-text-editor\" data-id=\"96cbecb\" data-element_type=\"widget\" data-widget_type=\"text-editor.default\">\n\t\t\t\t\t\t\t\t\t<p>W przypadku problem\u00f3w z dost\u0119pno\u015bci\u0105 strony internetowej prosimy o kontakt. Osob\u0105 do kontaktu w sprawie dost\u0119pno\u015bci jest\u00a0<span id=\"a11y-osoba\">Maciej Smolarek.<\/span><\/p><p>Mo\u017cesz si\u0119 z napisa\u0107 do niego na adres poczty elektronicznej\u00a0<a href=\"mailto:dostepnosc@wup.torun.pl\"><span id=\"a11y-email\">dostepnosc@wup.torun.pl<\/span><\/a>\u00a0lub dzwoni\u0105c na numer telefonu\u00a0<span id=\"a11y-telefon\">56 6693 939\u00a0<\/span>.\u00a0T\u0105 sam\u0105 drog\u0105 mo\u017cna sk\u0142ada\u0107 wnioski o udost\u0119pnienie informacji niedost\u0119pnej oraz sk\u0142ada\u0107 skargi na brak zapewnienia dost\u0119pno\u015bci.<\/p>\t\t\t\t\t\t\t\t<\/div>\n\t\t\t\t<\/div>\n\t\t<div class=\"elementor-element elementor-element-b96ddf6 e-con-full e-flex e-con e-child\" data-id=\"b96ddf6\" data-element_type=\"container\">\n\t\t\t\t<div class=\"elementor-element elementor-element-1193126 elementor-widget elementor-widget-heading\" data-id=\"1193126\" data-element_type=\"widget\" data-widget_type=\"heading.default\">\n\t\t\t\t\t<h5 class=\"elementor-heading-title elementor-size-default\">Procedura wnioskowo-skargowa<\/h5>\t\t\t\t<\/div>\n\t\t\t\t<div class=\"elementor-element elementor-element-079e8f5 elementor-widget elementor-widget-text-editor\" data-id=\"079e8f5\" data-element_type=\"widget\" data-widget_type=\"text-editor.default\">\n\t\t\t\t\t\t\t\t\t<p>Ka\u017cdy ma prawo do wyst\u0105pienia z \u017c\u0105daniem zapewnienia dost\u0119pno\u015bci cyfrowej strony internetowej, aplikacji mobilnej lub jakiego\u015b ich elementu. Mo\u017cna tak\u017ce za\u017c\u0105da\u0107 udost\u0119pnienia informacji za pomoc\u0105 alternatywnego sposobu dost\u0119pu, na przyk\u0142ad przez odczytanie niedost\u0119pnego cyfrowo dokumentu, opisanie zawarto\u015bci filmu bez audiodeskrypcji itp. \u017b\u0105danie powinno zawiera\u0107 dane osoby zg\u0142aszaj\u0105cej \u017c\u0105danie, wskazanie, o kt\u00f3r\u0105 stron\u0119 internetow\u0105 lub aplikacj\u0119 mobiln\u0105 chodzi oraz spos\u00f3b kontaktu. Je\u017celi osoba \u017c\u0105daj\u0105ca zg\u0142asza potrzeb\u0119 otrzymania informacji za pomoc\u0105 alternatywnego sposobu dost\u0119pu, powinna tak\u017ce okre\u015bli\u0107 dogodny dla niej spos\u00f3b przedstawienia tej informacji. Podmiot publiczny powinien zrealizowa\u0107 \u017c\u0105danie niezw\u0142ocznie, nie p\u00f3\u017aniej ni\u017c w ci\u0105gu 7 dni od dnia wyst\u0105pienia z \u017c\u0105daniem. Je\u017celi dotrzymanie tego terminu nie jest mo\u017cliwe, podmiot publiczny niezw\u0142ocznie informuje o tym wnosz\u0105cego \u017c\u0105danie, kiedy realizacja \u017c\u0105dania b\u0119dzie mo\u017cliwa, przy czym termin ten nie mo\u017ce by\u0107 d\u0142u\u017cszy ni\u017c 2 miesi\u0105ce od dnia wyst\u0105pienia z \u017c\u0105daniem. Je\u017celi zapewnienie dost\u0119pno\u015bci cyfrowej nie jest mo\u017cliwe, podmiot publiczny mo\u017ce zaproponowa\u0107 alternatywny spos\u00f3b dost\u0119pu do informacji. W przypadku, gdy podmiot publiczny odm\u00f3wi realizacji \u017c\u0105dania zapewnienia dost\u0119pno\u015bci lub alternatywnego sposobu dost\u0119pu do informacji, wnosz\u0105cy \u017c\u0105danie mo\u017ce z\u0142o\u017cy\u0107 skarg\u0119 w sprawie zapewniana dost\u0119pno\u015bci cyfrowej strony internetowej, aplikacji mobilnej lub elementu strony internetowej, lub aplikacji mobilnej. Po wyczerpaniu wskazanej wy\u017cej procedury mo\u017cna tak\u017ce z\u0142o\u017cy\u0107 wniosek do\u00a0<a href=\"https:\/\/www.rpo.gov.pl\/\" target=\"_blank\" rel=\"noopener\">Rzecznika Praw Obywatelskich<\/a>.<\/p>\t\t\t\t\t\t\t\t<\/div>\n\t\t\t\t<\/div>\n\t\t<div class=\"elementor-element elementor-element-d3babad e-con-full e-flex e-con e-child\" data-id=\"d3babad\" data-element_type=\"container\">\n\t\t\t\t<div class=\"elementor-element elementor-element-4aab4c4 elementor-widget elementor-widget-heading\" data-id=\"4aab4c4\" data-element_type=\"widget\" data-widget_type=\"heading.default\">\n\t\t\t\t\t<h5 class=\"elementor-heading-title elementor-size-default\">Dost\u0119pno\u015b\u0107 architektoniczna<\/h5>\t\t\t\t<\/div>\n\t\t\t\t<div class=\"elementor-element elementor-element-d69e3a9 elementor-widget elementor-widget-text-editor\" data-id=\"d69e3a9\" data-element_type=\"widget\" data-widget_type=\"text-editor.default\">\n\t\t\t\t\t\t\t\t\t<p>Dost\u0119pno\u015b\u0107 architektoniczna siedzib, oddzia\u0142\u00f3w i biur projekt\u00f3w zosta\u0142a opisana w deklaracji dost\u0119pno\u015bci strony\u00a0<a href=\"https:\/\/wuptorun.praca.gov.pl\/-\/11229034-deklaracja-dostepnosci\" target=\"_blank\" rel=\"noopener\">Wojew\u00f3dzkiego Urz\u0119du Pracy w Toruniu<\/a>\u00a0na wortalu Publicznych S\u0142u\u017cb Zatrudnienia.<\/p>\t\t\t\t\t\t\t\t<\/div>\n\t\t\t\t<div class=\"elementor-element elementor-element-b0519b7 elementor-widget elementor-widget-spacer\" data-id=\"b0519b7\" data-element_type=\"widget\" data-widget_type=\"spacer.default\">\n\t\t\t\t\t\t\t<div class=\"elementor-spacer\">\n\t\t\t<div class=\"elementor-spacer-inner\"><\/div>\n\t\t<\/div>\n\t\t\t\t\t\t<\/div>\n\t\t\t\t<div class=\"elementor-element elementor-element-f0ae476 elementor-widget-divider--view-line_text elementor-widget-divider--element-align-center elementor-invisible elementor-widget elementor-widget-divider\" data-id=\"f0ae476\" data-element_type=\"widget\" data-settings=\"{&quot;_animation&quot;:&quot;zoomIn&quot;}\" data-widget_type=\"divider.default\">\n\t\t\t\t\t\t\t<div class=\"elementor-divider\">\n\t\t\t<span class=\"elementor-divider-separator\">\n\t\t\t\t\t\t\t<span class=\"elementor-divider__text elementor-divider__element\">\n\t\t\t\t# Fundusze Europejskie\t\t\t\t<\/span>\n\t\t\t\t\t\t<\/span>\n\t\t<\/div>\n\t\t\t\t\t\t<\/div>\n\t\t\t\t<\/div>\n\t\t\t\t<\/div>\n\t\t\t\t<\/div>\n\t\t","protected":false},"excerpt":{"rendered":"<p>Wojew\u00f3dzki Urz\u0105d Pracy w Toruniu\u00a0zobowi\u0105zuje si\u0119 zapewni\u0107 dost\u0119pno\u015b\u0107 witryny internetowej\u00a0www.zainwestujwsiebie.pl\u00a0zgodnie z ustaw\u0105 z dnia 4 kwietnia 2019 r. o dost\u0119pno\u015bci [&hellip;]<\/p>\n","protected":false},"author":1,"featured_media":0,"parent":0,"menu_order":0,"comment_status":"closed","ping_status":"closed","template":"elementor_theme","meta":{"site-sidebar-layout":"no-sidebar","site-content-layout":"","ast-site-content-layout":"normal-width-container","site-content-style":"default","site-sidebar-style":"default","ast-global-header-display":"","ast-banner-title-visibility":"","ast-main-header-display":"","ast-hfb-above-header-display":"","ast-hfb-below-header-display":"","ast-hfb-mobile-header-display":"","site-post-title":"","ast-breadcrumbs-content":"","ast-featured-img":"disabled","footer-sml-layout":"","ast-disable-related-posts":"","theme-transparent-header-meta":"","adv-header-id-meta":"","stick-header-meta":"","header-above-stick-meta":"","header-main-stick-meta":"","header-below-stick-meta":"","astra-migrate-meta-layouts":"default","ast-page-background-enabled":"default","ast-page-background-meta":{"desktop":{"background-color":"var(--ast-global-color-5)","background-image":"","background-repeat":"repeat","background-position":"center center","background-size":"auto","background-attachment":"scroll","background-type":"","background-media":"","overlay-type":"","overlay-color":"","overlay-opacity":"","overlay-gradient":""},"tablet":{"background-color":"","background-image":"","background-repeat":"repeat","background-position":"center center","background-size":"auto","background-attachment":"scroll","background-type":"","background-media":"","overlay-type":"","overlay-color":"","overlay-opacity":"","overlay-gradient":""},"mobile":{"background-color":"","background-image":"","background-repeat":"repeat","background-position":"center center","background-size":"auto","background-attachment":"scroll","background-type":"","background-media":"","overlay-type":"","overlay-color":"","overlay-opacity":"","overlay-gradient":""}},"ast-content-background-meta":{"desktop":{"background-color":"var(--ast-global-color-4)","background-image":"","background-repeat":"repeat","background-position":"center center","background-size":"auto","background-attachment":"scroll","background-type":"","background-media":"","overlay-type":"","overlay-color":"","overlay-opacity":"","overlay-gradient":""},"tablet":{"background-color":"var(--ast-global-color-4)","background-image":"","background-repeat":"repeat","background-position":"center center","background-size":"auto","background-attachment":"scroll","background-type":"","background-media":"","overlay-type":"","overlay-color":"","overlay-opacity":"","overlay-gradient":""},"mobile":{"background-color":"var(--ast-global-color-4)","background-image":"","background-repeat":"repeat","background-position":"center center","background-size":"auto","background-attachment":"scroll","background-type":"","background-media":"","overlay-type":"","overlay-color":"","overlay-opacity":"","overlay-gradient":""}},"footnotes":""},"class_list":["post-721","page","type-page","status-publish","hentry"],"rttpg_featured_image_url":null,"rttpg_author":{"display_name":"admin","author_link":"https:\/\/zainwestujwsiebie.pl\/cms\/author\/admin\/"},"rttpg_comment":0,"rttpg_category":null,"rttpg_excerpt":"Wojew\u00f3dzki Urz\u0105d Pracy w Toruniu\u00a0zobowi\u0105zuje si\u0119 zapewni\u0107 dost\u0119pno\u015b\u0107 witryny internetowej\u00a0www.zainwestujwsiebie.pl\u00a0zgodnie z ustaw\u0105 z dnia 4 kwietnia 2019 r. o dost\u0119pno\u015bci [&hellip;]","_links":{"self":[{"href":"https:\/\/zainwestujwsiebie.pl\/cms\/wp-json\/wp\/v2\/pages\/721","targetHints":{"allow":["GET"]}}],"collection":[{"href":"https:\/\/zainwestujwsiebie.pl\/cms\/wp-json\/wp\/v2\/pages"}],"about":[{"href":"https:\/\/zainwestujwsiebie.pl\/cms\/wp-json\/wp\/v2\/types\/page"}],"author":[{"embeddable":true,"href":"https:\/\/zainwestujwsiebie.pl\/cms\/wp-json\/wp\/v2\/users\/1"}],"replies":[{"embeddable":true,"href":"https:\/\/zainwestujwsiebie.pl\/cms\/wp-json\/wp\/v2\/comments?post=721"}],"version-history":[{"count":7,"href":"https:\/\/zainwestujwsiebie.pl\/cms\/wp-json\/wp\/v2\/pages\/721\/revisions"}],"predecessor-version":[{"id":3720,"href":"https:\/\/zainwestujwsiebie.pl\/cms\/wp-json\/wp\/v2\/pages\/721\/revisions\/3720"}],"wp:attachment":[{"href":"https:\/\/zainwestujwsiebie.pl\/cms\/wp-json\/wp\/v2\/media?parent=721"}],"curies":[{"name":"wp","href":"https:\/\/api.w.org\/{rel}","templated":true}]}}