{"id":731,"date":"2025-12-18T15:36:56","date_gmt":"2025-12-18T14:36:56","guid":{"rendered":"https:\/\/zainwestujwsiebie.pl\/cms\/?page_id=731"},"modified":"2026-01-29T13:57:20","modified_gmt":"2026-01-29T12:57:20","slug":"klauzula-informacyjna","status":"publish","type":"page","link":"https:\/\/zainwestujwsiebie.pl\/cms\/klauzula-informacyjna\/","title":{"rendered":"Klauzula informacyjna"},"content":{"rendered":"\t\t<div data-elementor-type=\"wp-page\" data-elementor-id=\"731\" class=\"elementor elementor-731\">\n\t\t\t\t<div class=\"elementor-element elementor-element-16324b8 e-con-full e-flex e-con e-parent\" data-id=\"16324b8\" data-element_type=\"container\">\n\t\t<div class=\"elementor-element elementor-element-e5c6607 e-con-full e-flex e-con e-child\" data-id=\"e5c6607\" data-element_type=\"container\">\n\t\t\t\t<div class=\"elementor-element elementor-element-19f8132 elementor-absolute elementor-widget-divider--view-line elementor-widget elementor-widget-divider\" data-id=\"19f8132\" data-element_type=\"widget\" data-settings=\"{&quot;_position&quot;:&quot;absolute&quot;}\" data-widget_type=\"divider.default\">\n\t\t\t\t\t\t\t<div class=\"elementor-divider\">\n\t\t\t<span class=\"elementor-divider-separator\">\n\t\t\t\t\t\t<\/span>\n\t\t<\/div>\n\t\t\t\t\t\t<\/div>\n\t\t\t\t<\/div>\n\t\t<div class=\"elementor-element elementor-element-e0c7952 e-con-full e-flex e-con e-child\" data-id=\"e0c7952\" data-element_type=\"container\">\n\t\t\t\t<div class=\"elementor-element elementor-element-08e315a elementor-widget elementor-widget-spacer\" data-id=\"08e315a\" data-element_type=\"widget\" data-widget_type=\"spacer.default\">\n\t\t\t\t\t\t\t<div class=\"elementor-spacer\">\n\t\t\t<div class=\"elementor-spacer-inner\"><\/div>\n\t\t<\/div>\n\t\t\t\t\t\t<\/div>\n\t\t\t\t<div class=\"elementor-element elementor-element-c012616 elementor-widget elementor-widget-text-editor\" data-id=\"c012616\" data-element_type=\"widget\" data-widget_type=\"text-editor.default\">\n\t\t\t\t\t\t\t\t\t<h5 style=\"text-align: left;\"><strong>INFORMACJA O PRZETWARZANIU TWOICH DANYCH OSOBOWYCH\u00a0<\/strong><\/h5><p style=\"text-align: left;\"><strong>w ramach projekt\u00f3w w\u0142asnych WUP w Toruniu realizowanych w ramach Programu Fundusze Europejskie dla Kujaw i Pomorza 2021-2027<\/strong><\/p>\t\t\t\t\t\t\t\t<\/div>\n\t\t\t\t<\/div>\n\t\t<div class=\"elementor-element elementor-element-d02aafe e-con-full e-flex e-con e-child\" data-id=\"d02aafe\" data-element_type=\"container\">\n\t\t\t\t<div class=\"elementor-element elementor-element-2e24087 elementor-widget elementor-widget-heading\" data-id=\"2e24087\" data-element_type=\"widget\" data-widget_type=\"heading.default\">\n\t\t\t\t\t<h5 class=\"elementor-heading-title elementor-size-default\">KTO JEST ADMINISTRATOREM TWOICH DANYCH OSOBOWYCH?<\/h5>\t\t\t\t<\/div>\n\t\t\t\t<div class=\"elementor-element elementor-element-828438f elementor-widget elementor-widget-text-editor\" data-id=\"828438f\" data-element_type=\"widget\" data-widget_type=\"text-editor.default\">\n\t\t\t\t\t\t\t\t\t<p>Administratorem, czyli podmiotem decyduj\u0105cym o tym, jak b\u0119d\u0105 wykorzystywane Twoje dane osobowe, jest Wojew\u00f3dzki Urz\u0105d Pracy w Toruniu (dalej: WUP) z siedzib\u0105 w Toruniu (87-100) przy ulicy Szosa Che\u0142mi\u0144ska 30\/32.<\/p><p>Ponadto dane osobowe mog\u0105 by\u0107 przetwarzane przez innych administrator\u00f3w, m.in:<\/p><ul><li>Wojew\u00f3dztwo Kujawsko-Pomorskie, reprezentowane przez Zarz\u0105d Wojew\u00f3dztwa Kujawsko-Pomorskiego, pe\u0142ni\u0105cy funkcj\u0119 Instytucji Zarz\u0105dzaj\u0105cej,\u00a0<\/li><li>Ministra w\u0142a\u015bciwego ds. rozwoju, pe\u0142ni\u0105cego funkcj\u0119 Instytucji Koordynuj\u0105cej Umow\u0119 Partnerstwa,<\/li><li>podmioty prowadz\u0105ce badania ewaluacyjne,<\/li><li>Polsk\u0105 Agencja Rozwoju Przedsi\u0119biorczo\u015bci, pe\u0142ni\u0105c\u0105 funkcj\u0119 administratora danych osobowych odbiorc\u00f3w i uczestnik\u00f3w us\u0142ug, gromadzonych w Bazie Us\u0142ug Rozwojowych.<\/li><\/ul>\t\t\t\t\t\t\t\t<\/div>\n\t\t\t\t<\/div>\n\t\t<div class=\"elementor-element elementor-element-b5f0b23 e-con-full e-flex e-con e-child\" data-id=\"b5f0b23\" data-element_type=\"container\">\n\t\t\t\t<div class=\"elementor-element elementor-element-7d97a49 elementor-widget elementor-widget-heading\" data-id=\"7d97a49\" data-element_type=\"widget\" data-widget_type=\"heading.default\">\n\t\t\t\t\t<h5 class=\"elementor-heading-title elementor-size-default\">JAK SI\u0118 Z NAMI SKONTAKTOWA\u0106, \u017bEBY UZYSKA\u0106 WI\u0118CEJ INFORMACJI O PRZETWARZANIU TWOICH DANYCH OSOBOWYCH?<\/h5>\t\t\t\t<\/div>\n\t\t\t\t<div class=\"elementor-element elementor-element-34a7c5f elementor-widget elementor-widget-text-editor\" data-id=\"34a7c5f\" data-element_type=\"widget\" data-widget_type=\"text-editor.default\">\n\t\t\t\t\t\t\t\t\t<p>Napisz do wyznaczonego przez nas inspektora ochrony danych (IOD). Oto jego dane kontaktowe:<\/p><ul><li>adres e-mail:\u00a0<a href=\"mailto:iod@wup.torun.pl\">iod@wup.torun.pl<\/a>\u00a0<\/li><li>adres pocztowy:<\/li><\/ul><p><strong>Inspektor Ochrony Danych Osobowych,<\/strong><\/p><p><strong>Wojew\u00f3dzki Urz\u0105d Pracy w Toruniu,<\/strong><\/p><p><strong>ul. Szosa Che\u0142mi\u0144ska 30\/32,<\/strong><\/p><p><strong>87-100 Toru\u0144<\/strong><\/p>\t\t\t\t\t\t\t\t<\/div>\n\t\t\t\t<\/div>\n\t\t<div class=\"elementor-element elementor-element-9e3101a e-con-full e-flex e-con e-child\" data-id=\"9e3101a\" data-element_type=\"container\">\n\t\t\t\t<div class=\"elementor-element elementor-element-d7880cf elementor-widget elementor-widget-heading\" data-id=\"d7880cf\" data-element_type=\"widget\" data-widget_type=\"heading.default\">\n\t\t\t\t\t<h5 class=\"elementor-heading-title elementor-size-default\">SK\u0104D MAMY TWOJE DANE I PO CO JE ZBIERAMY?<\/h5>\t\t\t\t<\/div>\n\t\t\t\t<div class=\"elementor-element elementor-element-3a89dee elementor-widget elementor-widget-text-editor\" data-id=\"3a89dee\" data-element_type=\"widget\" data-widget_type=\"text-editor.default\">\n\t\t\t\t\t\t\t\t\t<p>Twoje dane osobowe mo\u017cemy pozyskiwa\u0107 od Ciebie, wykonawc\u00f3w, podwykonawc\u00f3w, oferent\u00f3w, ich pracownik\u00f3w, reprezentant\u00f3w i pe\u0142nomocnik\u00f3w, innych podmiot\u00f3w bior\u0105cych udzia\u0142 w realizacji projektu i FEdKP (w tym NGO), krajowych i innych instytucji, system\u00f3w teleinformatycznych i rejestr\u00f3w, w tym rejestr\u00f3w publicznych, o kt\u00f3rych mowa w art. 92 ust. 2 ustawy z dnia 28 kwietnia 2022 r. o zasadach realizacji zada\u0144 finansowanych ze \u015brodk\u00f3w europejskich w perspektywie finansowej 2021-2027 (dalej: ustawa wdro\u017ceniowa).<\/p><p>Podanie przez Ciebie danych osobowych jest niezb\u0119dne do wype\u0142nienia obowi\u0105zku prawnego ci\u0105\u017c\u0105cego na administratorze, jest niezb\u0119dne do zawarcia i wykonania umowy lub jest niezb\u0119dne do wykonania zadania realizowanego w interesie publicznym, a odmowa podania danych osobowych uniemo\u017cliwi wype\u0142nienie ww. obowi\u0105zku, zadania publicznego lub realizacj\u0119 umowy.<\/p>\t\t\t\t\t\t\t\t<\/div>\n\t\t\t\t<\/div>\n\t\t<div class=\"elementor-element elementor-element-42c5d15 e-con-full e-flex e-con e-child\" data-id=\"42c5d15\" data-element_type=\"container\">\n\t\t\t\t<div class=\"elementor-element elementor-element-0964e8e elementor-widget elementor-widget-heading\" data-id=\"0964e8e\" data-element_type=\"widget\" data-widget_type=\"heading.default\">\n\t\t\t\t\t<h5 class=\"elementor-heading-title elementor-size-default\">JAKI JEST CEL I PODSTAWA PRAWNA PRZETWARZANIA TWOICH DANYCH OSOBOWYCH PRZEZ WUP?<\/h5>\t\t\t\t<\/div>\n\t\t\t\t<div class=\"elementor-element elementor-element-4393341 elementor-widget elementor-widget-text-editor\" data-id=\"4393341\" data-element_type=\"widget\" data-widget_type=\"text-editor.default\">\n\t\t\t\t\t\t\t\t\t<p>Celem przetwarzania jest realizacja projektu w\u0142asnego w ramach programu regionalnego priorytet 8. Fundusze europejskie na wsparcie w obszarze rynku pracy, edukacji i w\u0142\u0105czenia spo\u0142ecznego w zakresie\u00a0<strong>Dzia\u0142ania 8.19 UCZENIE SI\u0118 DOROS\u0141YCH<\/strong>.<\/p><p>Dane b\u0119d\u0105 przetwarzane w szczeg\u00f3lno\u015bci dla ubiegania si\u0119 o dofinansowanie projektu, realizacji projektu w tym m.in. potwierdzenia kwalifikowalno\u015bci wydatk\u00f3w, udzielenia wsparcia, monitoringu, ewaluacji, komunikacji, weryfikacji, kontroli, audytu i sprawozdawczo\u015bci, zarz\u0105dzania finansowego oraz dzia\u0142a\u0144 informacyjno-promocyjnych oraz \u015bwiadomo\u015bciowych.<\/p><p>Podstawa prawna przetwarzania:<\/p><ul><li>art. 6 ust. 1 lit. b RODO* &#8211; przetwarzanie jest niezb\u0119dne do wykonania umowy, kt\u00f3rej stron\u0105 jest osoba, kt\u00f3rej dane dotycz\u0105 lub do podj\u0119cia dzia\u0142a\u0144 na \u017c\u0105danie osoby kt\u00f3rej dane dotycz\u0105 przed zawarciem umowy,<\/li><li>art. 6 ust. 1 lit c RODO* &#8211; przetwarzanie jest niezb\u0119dne do wype\u0142nienia obowi\u0105zku prawnego ci\u0105\u017c\u0105cego na administratorze,<\/li><li>art. 6 ust. 1 lit e RODO* &#8211; przetwarzanie jest niezb\u0119dne do wykonania zadania realizowanego w interesie publicznym lub w ramach sprawowania w\u0142adzy publicznej powierzonej administratorowi,<\/li><li>art. 9 ust. 2 lit. g RODO* &#8211; przetwarzanie jest niezb\u0119dne ze wzgl\u0119d\u00f3w zwi\u0105zanych z wa\u017cnym interesem publicznym, na podstawie prawa Unii lub prawa pa\u0144stwa cz\u0142onkowskiego, kt\u00f3re s\u0105 proporcjonalne do wyznaczonego celu, nie naruszaj\u0105 istoty prawa do ochrony danych i przewiduj\u0105 odpowiednie i konkretne \u015brodki ochrony praw podstawowych i interes\u00f3w osoby, kt\u00f3rej dane dotycz\u0105,<\/li><\/ul><p>w zwi\u0105zku z:<\/p><ul><li>ustaw\u0105 wdro\u017ceniow\u0105,<\/li><li>rozporz\u0105dzeniem Parlamentu Europejskiego i Rady (UE) 2021\/1060 z dnia 24 czerwca 2021 r. ustanawiaj\u0105cym wsp\u00f3lne przepisy dotycz\u0105ce Europejskiego Funduszu Rozwoju Regionalnego, Europejskiego Funduszu Spo\u0142ecznego Plus, Funduszu Sp\u00f3jno\u015bci, Funduszu na rzecz Sprawiedliwej Transformacji i Europejskiego Funduszu Morskiego, Rybackiego i Akwakultury, a tak\u017ce przepisy finansowe na potrzeby tych funduszy oraz na potrzeby Funduszu Azylu, Migracji i Integracji, Funduszu Bezpiecze\u0144stwa Wewn\u0119trznego i Instrumentu Wsparcia Finansowego na rzecz Zarz\u0105dzania Granicami i Polityki Wizowej,<\/li><li>rozporz\u0105dzeniem Parlamentu Europejskiego i Rady (UE) 2021\/1057 z dnia 24 czerwca 2021 r. ustanawiaj\u0105cym Europejski Fundusz Spo\u0142eczny Plus (EFS+) oraz uchylaj\u0105cym rozporz\u0105dzenie (UE) nr 1296\/2013.<\/li><\/ul><p>Zgodnie z art. 5 ust. 1 lit. b RODO*: \u201edalsze przetwarzanie do cel\u00f3w archiwalnych w interesie publicznym, do cel\u00f3w bada\u0144 naukowych lub historycznych lub do cel\u00f3w statystycznych nie jest uznawane w my\u015bl art. 89 ust. 1 za niezgodne z pierwotnymi celami\u201d.<\/p>\t\t\t\t\t\t\t\t<\/div>\n\t\t\t\t<\/div>\n\t\t<div class=\"elementor-element elementor-element-6be68a4 e-con-full e-flex e-con e-child\" data-id=\"6be68a4\" data-element_type=\"container\">\n\t\t\t\t<div class=\"elementor-element elementor-element-2a15bc0 elementor-widget elementor-widget-heading\" data-id=\"2a15bc0\" data-element_type=\"widget\" data-widget_type=\"heading.default\">\n\t\t\t\t\t<h5 class=\"elementor-heading-title elementor-size-default\">KOMU UDOST\u0118PNIAMY TWOJE DANE OSOBOWE?<\/h5>\t\t\t\t<\/div>\n\t\t\t\t<div class=\"elementor-element elementor-element-b00429e elementor-widget elementor-widget-text-editor\" data-id=\"b00429e\" data-element_type=\"widget\" data-widget_type=\"text-editor.default\">\n\t\t\t\t\t\t\t\t\t<p>Zgodnie z art. 89 ustawy wdro\u017ceniowej &#8211; dost\u0119p do Twoich danych osobowych &#8211; przys\u0142uguje ministrowi w\u0142a\u015bciwemu do spraw rozwoju regionalnego wykonuj\u0105cemu zadania pa\u0144stwa cz\u0142onkowskiego, ministrowi w\u0142a\u015bciwemu do spraw finans\u00f3w publicznych, instytucji zarz\u0105dzaj\u0105cej, instytucji audytowej, a tak\u017ce podmiotom, kt\u00f3rym WUP i wymienione podmioty powierzaj\u0105 realizacj\u0119 zada\u0144 na podstawie odr\u0119bnej umowy, w zakresie niezb\u0119dnym do realizacji ich zada\u0144 wynikaj\u0105cych z przepis\u00f3w ustawy wdro\u017ceniowej oraz przys\u0142uguje Prezesowi Zak\u0142adu Ubezpiecze\u0144 Spo\u0142ecznych, podmiotom zwi\u0105zanym z realizacj\u0105 zada\u0144 w ramach programu regionalnego, w szczeg\u00f3lno\u015bci zaanga\u017cowanym w proces audytu, ewaluacji, kontroli, oceny i ekspertyzy i innym podmiotom upowa\u017cnionym na mocy prawa.<\/p><p>Wy\u017cej wskazane podmioty udost\u0119pniaj\u0105 sobie nawzajem dane osobowe niezb\u0119dne do realizacji ich zada\u0144, w szczeg\u00f3lno\u015bci przy pomocy system\u00f3w teleinformatycznych.<\/p><p><br \/>Dane mog\u0105 by\u0107 tak\u017ce udost\u0119pnione us\u0142ugodawcom w zakresie serwisowania oraz konserwacji infrastruktury teleinformatycznej urz\u0119du oraz innym podmiotom \u015bwiadcz\u0105cym Us\u0142ugi na rzecz WUP i ww. podmiot\u00f3w.<\/p>\t\t\t\t\t\t\t\t<\/div>\n\t\t\t\t<\/div>\n\t\t<div class=\"elementor-element elementor-element-98ae532 e-con-full e-flex e-con e-child\" data-id=\"98ae532\" data-element_type=\"container\">\n\t\t\t\t<div class=\"elementor-element elementor-element-bc7952e elementor-widget elementor-widget-heading\" data-id=\"bc7952e\" data-element_type=\"widget\" data-widget_type=\"heading.default\">\n\t\t\t\t\t<h5 class=\"elementor-heading-title elementor-size-default\">JAK D\u0141UGO PRZECHOWUJEMY TWOJE DANE OSOBOWE?<\/h5>\t\t\t\t<\/div>\n\t\t\t\t<div class=\"elementor-element elementor-element-e805359 elementor-widget elementor-widget-text-editor\" data-id=\"e805359\" data-element_type=\"widget\" data-widget_type=\"text-editor.default\">\n\t\t\t\t\t\t\t\t\t<p>Przechowujemy Twoje dane osobowe do momentu wyga\u015bni\u0119cia obowi\u0105zku ich przechowywania wynikaj\u0105cego z przepis\u00f3w prawa. Przewiduje si\u0119, \u017ce data ta nie b\u0119dzie p\u00f3\u017aniejsza ni\u017c 31.12.2041 r. Po tym terminie dane zostan\u0105 usuni\u0119te zgodnie z obowi\u0105zuj\u0105cymi przepisami prawa.<\/p>\t\t\t\t\t\t\t\t<\/div>\n\t\t\t\t<\/div>\n\t\t<div class=\"elementor-element elementor-element-87bae2b e-con-full e-flex e-con e-child\" data-id=\"87bae2b\" data-element_type=\"container\">\n\t\t\t\t<div class=\"elementor-element elementor-element-0c5de57 elementor-widget elementor-widget-heading\" data-id=\"0c5de57\" data-element_type=\"widget\" data-widget_type=\"heading.default\">\n\t\t\t\t\t<h5 class=\"elementor-heading-title elementor-size-default\">JAKIE MASZ UPRAWNIENIA WOBEC WUP W ZAKRESIE PRZETWARZANYCH DANYCH?<\/h5>\t\t\t\t<\/div>\n\t\t\t\t<div class=\"elementor-element elementor-element-4b86d78 elementor-widget elementor-widget-text-editor\" data-id=\"4b86d78\" data-element_type=\"widget\" data-widget_type=\"text-editor.default\">\n\t\t\t\t\t\t\t\t\t<p>W celu zapewnienia Tobie kontroli nad swoimi danymi, RODO* okre\u015bla szereg praw, z kt\u00f3rych mo\u017cesz skorzysta\u0107, tj. prawo do \u017c\u0105dania dost\u0119pu do Twoich danych osobowych, ich sprostowania, usuni\u0119cia lub ograniczenia przetwarzania, prawo do wniesienia sprzeciwu wobec przetwarzania, prawo do przenoszenia danych, prawo do informacji czy podejmowanie decyzji w Twojej sprawie odbywa si\u0119 w spos\u00f3b zautomatyzowany, w tym poprzez profilowanie. Ponadto, masz prawo wniesienia skargi do organu nadzorczego.<\/p><p>Nale\u017cy jednak mie\u0107 na uwadze, i\u017c ze wzgl\u0119du na charakter i kontekst przetwarzania Twoich danych, nie ka\u017cde \u017c\u0105danie jako administrator jeste\u015bmy w stanie spe\u0142ni\u0107. W tym celu mo\u017cesz skontaktowa\u0107 si\u0119 z wy\u017cej wskazanym Inspektorem Ochrony Danych.<\/p>\t\t\t\t\t\t\t\t<\/div>\n\t\t\t\t<\/div>\n\t\t<div class=\"elementor-element elementor-element-06faa4b e-con-full e-flex e-con e-child\" data-id=\"06faa4b\" data-element_type=\"container\">\n\t\t\t\t<div class=\"elementor-element elementor-element-c4fdada elementor-widget elementor-widget-heading\" data-id=\"c4fdada\" data-element_type=\"widget\" data-widget_type=\"heading.default\">\n\t\t\t\t\t<h5 class=\"elementor-heading-title elementor-size-default\">CZY PRZETWARZAMY TWOJE DANE OSOBOWE AUTOMATYCZNIE (W TYM POPRZEZ PROFILOWANIE) W SPOS\u00d3B WP\u0141YWAJ\u0104CY NA TWOJE PRAWA?<\/h5>\t\t\t\t<\/div>\n\t\t\t\t<div class=\"elementor-element elementor-element-cb030a1 elementor-widget elementor-widget-text-editor\" data-id=\"cb030a1\" data-element_type=\"widget\" data-widget_type=\"text-editor.default\">\n\t\t\t\t\t\t\t\t\t<p>Twoje dane mog\u0105 by\u0107 przetwarzane w spos\u00f3b zautomatyzowany w tym profilowanie, jednak\u017ce \u017cadne decyzje wywo\u0142uj\u0105ce skutki prawne wobec Ciebie nie b\u0119d\u0105 oparte wy\u0142\u0105cznie na automatycznym przetwarzaniu danych osobowych i nie wi\u0105\u017c\u0105 si\u0119 z tak\u0105 automatycznie podejmowan\u0105 przez nas decyzj\u0105.<\/p>\t\t\t\t\t\t\t\t<\/div>\n\t\t\t\t<\/div>\n\t\t<div class=\"elementor-element elementor-element-30ebc2c e-con-full e-flex e-con e-child\" data-id=\"30ebc2c\" data-element_type=\"container\">\n\t\t\t\t<div class=\"elementor-element elementor-element-374f9d3 elementor-widget elementor-widget-heading\" data-id=\"374f9d3\" data-element_type=\"widget\" data-widget_type=\"heading.default\">\n\t\t\t\t\t<h5 class=\"elementor-heading-title elementor-size-default\">CZY PRZEKAZUJEMY TWOJE DANE DO PA\u0143STW TRZECICH LUB ORGANIZACJI MI\u0118DZYNARODOWYCH?<\/h5>\t\t\t\t<\/div>\n\t\t\t\t<div class=\"elementor-element elementor-element-52ca8ca elementor-widget elementor-widget-text-editor\" data-id=\"52ca8ca\" data-element_type=\"widget\" data-widget_type=\"text-editor.default\">\n\t\t\t\t\t\t\t\t\t<p>Twoje dane osobowe nie b\u0119d\u0105 przekazywane do pa\u0144stw trzecich lub organizacji mi\u0119dzynarodowych.<\/p><p>* ILEKRO\u0106 MOWA W NINIEJSZEJ INFORMACJI O RODO, NALE\u017bY PRZEZ TO ROZUMIE\u0106 ROZPORZ\u0104DZENIE PARLAMENTU EUROPEJSKIEGO I RADY (UE) 2016\/679 Z DNIA 27 KWIETNIA 2016 R. W SPRAWIE OCHRONY OS\u00d3B FIZYCZNYCH W ZWI\u0104ZKU Z PRZETWARZANIEM DANYCH OSOBOWYCH I W SPRAWIE SWOBODNEGO PRZEP\u0141YWU TAKICH DANYCH ORAZ UCHYLENIA DYREKTYWY 95\/46\/WE<\/p>\t\t\t\t\t\t\t\t<\/div>\n\t\t\t\t<\/div>\n\t\t\t\t<div class=\"elementor-element elementor-element-9fcd38b elementor-widget-divider--view-line_text elementor-widget-divider--element-align-center elementor-invisible elementor-widget elementor-widget-divider\" data-id=\"9fcd38b\" data-element_type=\"widget\" data-settings=\"{&quot;_animation&quot;:&quot;zoomIn&quot;}\" data-widget_type=\"divider.default\">\n\t\t\t\t\t\t\t<div class=\"elementor-divider\">\n\t\t\t<span class=\"elementor-divider-separator\">\n\t\t\t\t\t\t\t<span class=\"elementor-divider__text elementor-divider__element\">\n\t\t\t\t# Fundusze Europejskie\t\t\t\t<\/span>\n\t\t\t\t\t\t<\/span>\n\t\t<\/div>\n\t\t\t\t\t\t<\/div>\n\t\t\t\t<div class=\"elementor-element elementor-element-7cdf109 elementor-widget elementor-widget-spacer\" data-id=\"7cdf109\" data-element_type=\"widget\" data-widget_type=\"spacer.default\">\n\t\t\t\t\t\t\t<div class=\"elementor-spacer\">\n\t\t\t<div class=\"elementor-spacer-inner\"><\/div>\n\t\t<\/div>\n\t\t\t\t\t\t<\/div>\n\t\t\t\t<\/div>\n\t\t\t\t<\/div>\n\t\t","protected":false},"excerpt":{"rendered":"<p>INFORMACJA O PRZETWARZANIU TWOICH DANYCH OSOBOWYCH\u00a0 w ramach projekt\u00f3w w\u0142asnych WUP w Toruniu realizowanych w ramach Programu Fundusze Europejskie dla [&hellip;]<\/p>\n","protected":false},"author":1,"featured_media":0,"parent":0,"menu_order":0,"comment_status":"closed","ping_status":"closed","template":"","meta":{"site-sidebar-layout":"no-sidebar","site-content-layout":"","ast-site-content-layout":"normal-width-container","site-content-style":"default","site-sidebar-style":"default","ast-global-header-display":"","ast-banner-title-visibility":"","ast-main-header-display":"","ast-hfb-above-header-display":"","ast-hfb-below-header-display":"","ast-hfb-mobile-header-display":"","site-post-title":"","ast-breadcrumbs-content":"","ast-featured-img":"disabled","footer-sml-layout":"","ast-disable-related-posts":"","theme-transparent-header-meta":"","adv-header-id-meta":"","stick-header-meta":"","header-above-stick-meta":"","header-main-stick-meta":"","header-below-stick-meta":"","astra-migrate-meta-layouts":"default","ast-page-background-enabled":"default","ast-page-background-meta":{"desktop":{"background-color":"var(--ast-global-color-5)","background-image":"","background-repeat":"repeat","background-position":"center center","background-size":"auto","background-attachment":"scroll","background-type":"","background-media":"","overlay-type":"","overlay-color":"","overlay-opacity":"","overlay-gradient":""},"tablet":{"background-color":"","background-image":"","background-repeat":"repeat","background-position":"center center","background-size":"auto","background-attachment":"scroll","background-type":"","background-media":"","overlay-type":"","overlay-color":"","overlay-opacity":"","overlay-gradient":""},"mobile":{"background-color":"","background-image":"","background-repeat":"repeat","background-position":"center center","background-size":"auto","background-attachment":"scroll","background-type":"","background-media":"","overlay-type":"","overlay-color":"","overlay-opacity":"","overlay-gradient":""}},"ast-content-background-meta":{"desktop":{"background-color":"var(--ast-global-color-4)","background-image":"","background-repeat":"repeat","background-position":"center center","background-size":"auto","background-attachment":"scroll","background-type":"","background-media":"","overlay-type":"","overlay-color":"","overlay-opacity":"","overlay-gradient":""},"tablet":{"background-color":"var(--ast-global-color-4)","background-image":"","background-repeat":"repeat","background-position":"center center","background-size":"auto","background-attachment":"scroll","background-type":"","background-media":"","overlay-type":"","overlay-color":"","overlay-opacity":"","overlay-gradient":""},"mobile":{"background-color":"var(--ast-global-color-4)","background-image":"","background-repeat":"repeat","background-position":"center center","background-size":"auto","background-attachment":"scroll","background-type":"","background-media":"","overlay-type":"","overlay-color":"","overlay-opacity":"","overlay-gradient":""}},"footnotes":""},"class_list":["post-731","page","type-page","status-publish","hentry"],"rttpg_featured_image_url":null,"rttpg_author":{"display_name":"admin","author_link":"https:\/\/zainwestujwsiebie.pl\/cms\/author\/admin\/"},"rttpg_comment":0,"rttpg_category":null,"rttpg_excerpt":"INFORMACJA O PRZETWARZANIU TWOICH DANYCH OSOBOWYCH\u00a0 w ramach projekt\u00f3w w\u0142asnych WUP w Toruniu realizowanych w ramach Programu Fundusze Europejskie dla [&hellip;]","_links":{"self":[{"href":"https:\/\/zainwestujwsiebie.pl\/cms\/wp-json\/wp\/v2\/pages\/731","targetHints":{"allow":["GET"]}}],"collection":[{"href":"https:\/\/zainwestujwsiebie.pl\/cms\/wp-json\/wp\/v2\/pages"}],"about":[{"href":"https:\/\/zainwestujwsiebie.pl\/cms\/wp-json\/wp\/v2\/types\/page"}],"author":[{"embeddable":true,"href":"https:\/\/zainwestujwsiebie.pl\/cms\/wp-json\/wp\/v2\/users\/1"}],"replies":[{"embeddable":true,"href":"https:\/\/zainwestujwsiebie.pl\/cms\/wp-json\/wp\/v2\/comments?post=731"}],"version-history":[{"count":8,"href":"https:\/\/zainwestujwsiebie.pl\/cms\/wp-json\/wp\/v2\/pages\/731\/revisions"}],"predecessor-version":[{"id":5802,"href":"https:\/\/zainwestujwsiebie.pl\/cms\/wp-json\/wp\/v2\/pages\/731\/revisions\/5802"}],"wp:attachment":[{"href":"https:\/\/zainwestujwsiebie.pl\/cms\/wp-json\/wp\/v2\/media?parent=731"}],"curies":[{"name":"wp","href":"https:\/\/api.w.org\/{rel}","templated":true}]}}